{"id":1316,"date":"2026-02-05T19:23:27","date_gmt":"2026-02-05T18:23:27","guid":{"rendered":"https:\/\/zilikstav.sk\/?page_id=1316"},"modified":"2026-03-17T13:45:29","modified_gmt":"2026-03-17T12:45:29","slug":"uber-das-unternehmen","status":"publish","type":"page","link":"https:\/\/zilikstav.sk\/de\/o-spolocnosti\/","title":{"rendered":"\u00dcber das Unternehmen"},"content":{"rendered":"<div data-elementor-type=\"wp-page\" data-elementor-id=\"1316\" class=\"elementor elementor-1316\" data-elementor-post-type=\"page\">\n\t\t\t\t<div class=\"elementor-element elementor-element-7ba81f4 e-con-full e-flex e-con e-child\" data-id=\"7ba81f4\" data-element_type=\"container\" data-e-type=\"container\">\n\t\t<div class=\"elementor-element elementor-element-8ed7050 e-con-full e-flex e-con e-child\" data-id=\"8ed7050\" data-element_type=\"container\" data-e-type=\"container\" data-settings=\"{&quot;background_background&quot;:&quot;classic&quot;}\">\n\t\t\t\t<div class=\"elementor-element elementor-element-2ba86a1 elementor-widget elementor-widget-heading\" data-id=\"2ba86a1\" data-element_type=\"widget\" data-e-type=\"widget\" data-widget_type=\"heading.default\">\n\t\t\t\t\t<h2 class=\"elementor-heading-title elementor-size-default\">\u017dil\u00edkstav, s.r.o. <br>Die Macht der Erfahrung und der Technologie <\/h2>\t\t\t\t<\/div>\n\t\t\t\t<div class=\"elementor-element elementor-element-4099908 elementor-widget elementor-widget-heading\" data-id=\"4099908\" data-element_type=\"widget\" data-e-type=\"widget\" data-widget_type=\"heading.default\">\n\t\t\t\t\t<h2 class=\"elementor-heading-title elementor-size-default\">Ihr Projekt liegt in den H\u00e4nden von Fachleuten, die ihre Arbeit verantwortungsvoll ausf\u00fchren.<\/h2>\t\t\t\t<\/div>\n\t\t\t\t<\/div>\n\t\t\t\t<\/div>\n\t\t<div class=\"elementor-element elementor-element-4158617 e-flex e-con-boxed e-con e-parent\" data-id=\"4158617\" data-element_type=\"container\" data-e-type=\"container\">\n\t\t\t\t\t<div class=\"e-con-inner\">\n\t\t\t\t<div class=\"elementor-element elementor-element-d7b49f5 elementor-widget__width-initial elementor-widget elementor-widget-heading\" data-id=\"d7b49f5\" data-element_type=\"widget\" data-e-type=\"widget\" data-widget_type=\"heading.default\">\n\t\t\t\t\t<h2 class=\"elementor-heading-title elementor-size-default\">Wir sind ein stabiler Partner <\/h2>\t\t\t\t<\/div>\n\t\t\t\t<div class=\"elementor-element elementor-element-e813f1d elementor-widget elementor-widget-text-editor\" data-id=\"e813f1d\" data-element_type=\"widget\" data-e-type=\"widget\" data-widget_type=\"text-editor.default\">\n\t\t\t\t\t\t\t\t\t<p>\u017dil\u00edkstav, s.r.o. ist seit 2013 auf dem Markt t\u00e4tig. Unsere Priorit\u00e4t im Bereich der Abfallwirtschaft, der Erdarbeiten und des Transports ist: die Erbringung von Dienstleistungen, die effizient und rechtzeitig sind und allen geltenden Vorschriften entsprechen.\u00a0<\/p><p>Wir haben uns einen Ruf als zuverl\u00e4ssiger Partner f\u00fcr Bauunternehmen, Kommunen und private Investoren erworben. Wir sind ein Team von Fachleuten, die die Anforderungen selbst der anspruchsvollsten Projekte verstehen.<\/p>\t\t\t\t\t\t\t\t<\/div>\n\t\t\t\t\t<\/div>\n\t\t\t\t<\/div>\n\t\t<div class=\"elementor-element elementor-element-9737359 e-flex e-con-boxed e-con e-parent\" data-id=\"9737359\" data-element_type=\"container\" data-e-type=\"container\">\n\t\t\t\t\t<div class=\"e-con-inner\">\n\t\t\t\t<div class=\"elementor-element elementor-element-0b2a402 elementor-widget__width-initial elementor-widget elementor-widget-heading\" data-id=\"0b2a402\" data-element_type=\"widget\" data-e-type=\"widget\" data-widget_type=\"heading.default\">\n\t\t\t\t\t<h2 class=\"elementor-heading-title elementor-size-default\">Unsere Verantwortung<\/h2>\t\t\t\t<\/div>\n\t\t\t\t<div class=\"elementor-element elementor-element-00bc8d0 elementor-widget elementor-widget-text-editor\" data-id=\"00bc8d0\" data-element_type=\"widget\" data-e-type=\"widget\" data-widget_type=\"text-editor.default\">\n\t\t\t\t\t\t\t\t\t<p>Zuverl\u00e4ssigkeit ist f\u00fcr uns nicht nur eine Frage der Termintreue, sondern auch eine Garantie f\u00fcr ein rechtm\u00e4\u00dfiges und sicheres Verfahren:\u00a0<\/p>\t\t\t\t\t\t\t\t<\/div>\n\t\t\t\t\t<\/div>\n\t\t\t\t<\/div>\n\t\t<div class=\"elementor-element elementor-element-8d0ed74 e-flex e-con-boxed e-con e-parent\" data-id=\"8d0ed74\" data-element_type=\"container\" data-e-type=\"container\" data-settings=\"{&quot;background_background&quot;:&quot;classic&quot;}\">\n\t\t\t\t\t<div class=\"e-con-inner\">\n\t\t<div class=\"elementor-element elementor-element-97914db e-con-full e-flex e-con e-child\" data-id=\"97914db\" data-element_type=\"container\" data-e-type=\"container\">\n\t\t\t\t<div class=\"elementor-element elementor-element-07dabd8 elementor-view-stacked elementor-position-inline-start elementor-shape-circle elementor-mobile-position-block-start elementor-widget elementor-widget-icon-box\" data-id=\"07dabd8\" data-element_type=\"widget\" data-e-type=\"widget\" data-widget_type=\"icon-box.default\">\n\t\t\t\t\t\t\t<div class=\"elementor-icon-box-wrapper\">\n\n\t\t\t\t\t\t<div class=\"elementor-icon-box-icon\">\n\t\t\t\t<span  class=\"elementor-icon\">\n\t\t\t\t<svg aria-hidden=\"true\" class=\"e-font-icon-svg e-fas-recycle\" viewbox=\"0 0 512 512\" xmlns=\"http:\/\/www.w3.org\/2000\/svg\"><path d=\"M184.561 261.903c3.232 13.997-12.123 24.635-24.068 17.168l-40.736-25.455-50.867 81.402C55.606 356.273 70.96 384 96.012 384H148c6.627 0 12 5.373 12 12v40c0 6.627-5.373 12-12 12H96.115c-75.334 0-121.302-83.048-81.408-146.88l50.822-81.388-40.725-25.448c-12.081-7.547-8.966-25.961 4.879-29.158l110.237-25.45c8.611-1.988 17.201 3.381 19.189 11.99l25.452 110.237zm98.561-182.915l41.289 66.076-40.74 25.457c-12.051 7.528-9 25.953 4.879 29.158l110.237 25.45c8.672 1.999 17.215-3.438 19.189-11.99l25.45-110.237c3.197-13.844-11.99-24.719-24.068-17.168l-40.687 25.424-41.263-66.082c-37.521-60.033-125.209-60.171-162.816 0l-17.963 28.766c-3.51 5.62-1.8 13.021 3.82 16.533l33.919 21.195c5.62 3.512 13.024 1.803 16.536-3.817l17.961-28.743c12.712-20.341 41.973-19.676 54.257-.022zM497.288 301.12l-27.515-44.065c-3.511-5.623-10.916-7.334-16.538-3.821l-33.861 21.159c-5.62 3.512-7.33 10.915-3.818 16.536l27.564 44.112c13.257 21.211-2.057 48.96-27.136 48.96H320V336.02c0-14.213-17.242-21.383-27.313-11.313l-80 79.981c-6.249 6.248-6.249 16.379 0 22.627l80 79.989C302.689 517.308 320 510.3 320 495.989V448h95.88c75.274 0 121.335-82.997 81.408-146.88z\"><\/path><\/svg>\t\t\t\t<\/span>\n\t\t\t<\/div>\n\t\t\t\n\t\t\t\t\t\t<div class=\"elementor-icon-box-content\">\n\n\t\t\t\t\t\t\t\t\t<h3 class=\"elementor-icon-box-title\">\n\t\t\t\t\t\t<span  >\n\t\t\t\t\t\t\tWir bewirtschaften Abf\u00e4lle gem\u00e4\u00df der geltenden Gesetzgebung\t\t\t\t\t\t<\/span>\n\t\t\t\t\t<\/h3>\n\t\t\t\t\n\t\t\t\t\t\t\t\t\t<p class=\"elementor-icon-box-description\">\n\t\t\t\t\t\tWir verf\u00fcgen \u00fcber eine g\u00fcltige Genehmigung f\u00fcr die Vermittlung, den Handel und den Transport von Abf\u00e4llen. Wir registrieren und entsorgen alle Abf\u00e4lle \u00fcber zugelassene Sammelstellen und Verarbeiter.\t\t\t\t\t<\/p>\n\t\t\t\t\n\t\t\t<\/div>\n\t\t\t\n\t\t<\/div>\n\t\t\t\t\t\t<\/div>\n\t\t\t\t<\/div>\n\t\t<div class=\"elementor-element elementor-element-ab37f1d e-con-full e-flex e-con e-child\" data-id=\"ab37f1d\" data-element_type=\"container\" data-e-type=\"container\">\n\t\t\t\t<div class=\"elementor-element elementor-element-1b0bd1b elementor-view-stacked elementor-position-inline-start elementor-shape-circle elementor-mobile-position-block-start elementor-widget elementor-widget-icon-box\" data-id=\"1b0bd1b\" data-element_type=\"widget\" data-e-type=\"widget\" data-widget_type=\"icon-box.default\">\n\t\t\t\t\t\t\t<div class=\"elementor-icon-box-wrapper\">\n\n\t\t\t\t\t\t<div class=\"elementor-icon-box-icon\">\n\t\t\t\t<span  class=\"elementor-icon\">\n\t\t\t\t<svg aria-hidden=\"true\" class=\"e-font-icon-svg e-fas-tools\" viewbox=\"0 0 512 512\" xmlns=\"http:\/\/www.w3.org\/2000\/svg\"><path d=\"M501.1 395.7L384 278.6c-23.1-23.1-57.6-27.6-85.4-13.9L192 158.1V96L64 0 0 64l96 128h62.1l106.6 106.6c-13.6 27.8-9.2 62.3 13.9 85.4l117.1 117.1c14.6 14.6 38.2 14.6 52.7 0l52.7-52.7c14.5-14.6 14.5-38.2 0-52.7zM331.7 225c28.3 0 54.9 11 74.9 31l19.4 19.4c15.8-6.9 30.8-16.5 43.8-29.5 37.1-37.1 49.7-89.3 37.9-136.7-2.2-9-13.5-12.1-20.1-5.5l-74.4 74.4-67.9-11.3L334 98.9l74.4-74.4c6.6-6.6 3.4-17.9-5.7-20.2-47.4-11.7-99.6.9-136.6 37.9-28.5 28.5-41.9 66.1-41.2 103.6l82.1 82.1c8.1-1.9 16.5-2.9 24.7-2.9zm-103.9 82l-56.7-56.7L18.7 402.8c-25 25-25 65.5 0 90.5s65.5 25 90.5 0l123.6-123.6c-7.6-19.9-9.9-41.6-5-62.7zM64 472c-13.2 0-24-10.8-24-24 0-13.3 10.7-24 24-24s24 10.7 24 24c0 13.2-10.7 24-24 24z\"><\/path><\/svg>\t\t\t\t<\/span>\n\t\t\t<\/div>\n\t\t\t\n\t\t\t\t\t\t<div class=\"elementor-icon-box-content\">\n\n\t\t\t\t\t\t\t\t\t<h3 class=\"elementor-icon-box-title\">\n\t\t\t\t\t\t<span  >\n\t\t\t\t\t\t\tWir k\u00fcmmern uns um die Technik \t\t\t\t\t\t<\/span>\n\t\t\t\t\t<\/h3>\n\t\t\t\t\n\t\t\t\t\t\t\t\t\t<p class=\"elementor-icon-box-description\">\n\t\t\t\t\t\tUnser eigener Fuhrpark wird regelm\u00e4\u00dfig gewartet und ist einsatzbereit (Frontlader, Bagger, Mischer, Containerfahrzeuge und Kr\u00e4ne)\t\t\t\t\t<\/p>\n\t\t\t\t\n\t\t\t<\/div>\n\t\t\t\n\t\t<\/div>\n\t\t\t\t\t\t<\/div>\n\t\t\t\t<\/div>\n\t\t<div class=\"elementor-element elementor-element-581e92c e-con-full e-flex e-con e-child\" data-id=\"581e92c\" data-element_type=\"container\" data-e-type=\"container\">\n\t\t\t\t<div class=\"elementor-element elementor-element-50a21b2 elementor-view-stacked elementor-position-inline-start elementor-shape-circle elementor-mobile-position-block-start elementor-widget elementor-widget-icon-box\" data-id=\"50a21b2\" data-element_type=\"widget\" data-e-type=\"widget\" data-widget_type=\"icon-box.default\">\n\t\t\t\t\t\t\t<div class=\"elementor-icon-box-wrapper\">\n\n\t\t\t\t\t\t<div class=\"elementor-icon-box-icon\">\n\t\t\t\t<span  class=\"elementor-icon\">\n\t\t\t\t<svg aria-hidden=\"true\" class=\"e-font-icon-svg e-fas-graduation-cap\" viewbox=\"0 0 640 512\" xmlns=\"http:\/\/www.w3.org\/2000\/svg\"><path d=\"M622.34 153.2L343.4 67.5c-15.2-4.67-31.6-4.67-46.79 0L17.66 153.2c-23.54 7.23-23.54 38.36 0 45.59l48.63 14.94c-10.67 13.19-17.23 29.28-17.88 46.9C38.78 266.15 32 276.11 32 288c0 10.78 5.68 19.85 13.86 25.65L20.33 428.53C18.11 438.52 25.71 448 35.94 448h56.11c10.24 0 17.84-9.48 15.62-19.47L82.14 313.65C90.32 307.85 96 298.78 96 288c0-11.57-6.47-21.25-15.66-26.87.76-15.02 8.44-28.3 20.69-36.72L296.6 284.5c9.06 2.78 26.44 6.25 46.79 0l278.95-85.7c23.55-7.24 23.55-38.36 0-45.6zM352.79 315.09c-28.53 8.76-52.84 3.92-65.59 0l-145.02-44.55L128 384c0 35.35 85.96 64 192 64s192-28.65 192-64l-14.18-113.47-145.03 44.56z\"><\/path><\/svg>\t\t\t\t<\/span>\n\t\t\t<\/div>\n\t\t\t\n\t\t\t\t\t\t<div class=\"elementor-icon-box-content\">\n\n\t\t\t\t\t\t\t\t\t<h3 class=\"elementor-icon-box-title\">\n\t\t\t\t\t\t<span  >\n\t\t\t\t\t\t\tWir absolvieren die erforderliche Ausbildung\t\t\t\t\t\t<\/span>\n\t\t\t\t\t<\/h3>\n\t\t\t\t\n\t\t\t\t\t\t\t\t\t<p class=\"elementor-icon-box-description\">\n\t\t\t\t\t\tAlle Bediener unserer Spezialausr\u00fcstungen verf\u00fcgen \u00fcber die erforderlichen Ausbildungen und Genehmigungen gem\u00e4\u00df den geltenden Rechtsvorschriften, was die Sicherheit am Arbeitsplatz und die Qualit\u00e4t der ausgef\u00fchrten Arbeiten garantiert.\t\t\t\t\t<\/p>\n\t\t\t\t\n\t\t\t<\/div>\n\t\t\t\n\t\t<\/div>\n\t\t\t\t\t\t<\/div>\n\t\t\t\t<\/div>\n\t\t\t\t\t<\/div>\n\t\t\t\t<\/div>\n\t\t<div class=\"elementor-element elementor-element-8c73e61 e-flex e-con-boxed e-con e-parent\" data-id=\"8c73e61\" data-element_type=\"container\" data-e-type=\"container\">\n\t\t\t\t\t<div class=\"e-con-inner\">\n\t\t\t\t<div class=\"elementor-element elementor-element-b7f9966 elementor-widget__width-initial elementor-widget elementor-widget-heading\" data-id=\"b7f9966\" data-element_type=\"widget\" data-e-type=\"widget\" data-widget_type=\"heading.default\">\n\t\t\t\t\t<h2 class=\"elementor-heading-title elementor-size-default\">Technischer Park - unsere St\u00e4rke<\/h2>\t\t\t\t<\/div>\n\t\t\t\t<div class=\"elementor-element elementor-element-9f9deaa elementor-widget elementor-widget-text-editor\" data-id=\"9f9deaa\" data-element_type=\"widget\" data-e-type=\"widget\" data-widget_type=\"text-editor.default\">\n\t\t\t\t\t\t\t\t\t<p>Wir verf\u00fcgen \u00fcber eine moderne und gut gewartete Ausr\u00fcstung, die es uns erm\u00f6glicht, ein breites Spektrum an Arbeiten abzudecken:<\/p>\t\t\t\t\t\t\t\t<\/div>\n\t\t\t\t\t<\/div>\n\t\t\t\t<\/div>\n\t\t<div class=\"elementor-element elementor-element-26544e5 e-flex e-con-boxed e-con e-parent\" data-id=\"26544e5\" data-element_type=\"container\" data-e-type=\"container\">\n\t\t\t\t\t<div class=\"e-con-inner\">\n\t\t<div class=\"elementor-element elementor-element-6bb7bc1 e-con-full e-flex e-con e-child\" data-id=\"6bb7bc1\" data-element_type=\"container\" data-e-type=\"container\">\n\t\t\t\t<div class=\"elementor-element elementor-element-e0cb3c5 elementor-position-top elementor-widget elementor-widget-image-box\" data-id=\"e0cb3c5\" data-element_type=\"widget\" data-e-type=\"widget\" data-widget_type=\"image-box.default\">\n\t\t\t\t\t<div class=\"elementor-image-box-wrapper\"><figure class=\"elementor-image-box-img\"><img fetchpriority=\"high\" decoding=\"async\" width=\"850\" height=\"649\" src=\"https:\/\/zilikstav.sk\/wp-content\/uploads\/2026\/02\/Kontajnerove_vozidlo1.webp\" class=\"attachment-full size-full wp-image-2742\" alt=\"\" srcset=\"https:\/\/zilikstav.sk\/wp-content\/uploads\/2026\/02\/Kontajnerove_vozidlo1.webp 850w, https:\/\/zilikstav.sk\/wp-content\/uploads\/2026\/02\/Kontajnerove_vozidlo1-300x229.webp 300w, https:\/\/zilikstav.sk\/wp-content\/uploads\/2026\/02\/Kontajnerove_vozidlo1-768x586.webp 768w, https:\/\/zilikstav.sk\/wp-content\/uploads\/2026\/02\/Kontajnerove_vozidlo1-16x12.webp 16w\" sizes=\"(max-width: 850px) 100vw, 850px\" \/><\/figure><div class=\"elementor-image-box-content\"><h3 class=\"elementor-image-box-title\">Lastwagen mit Containersystem<\/h3><p class=\"elementor-image-box-description\">Transport von Siedlungs- und Bauabf\u00e4llen<\/p><\/div><\/div>\t\t\t\t<\/div>\n\t\t\t\t<\/div>\n\t\t<div class=\"elementor-element elementor-element-b53dfc3 e-con-full e-flex e-con e-child\" data-id=\"b53dfc3\" data-element_type=\"container\" data-e-type=\"container\">\n\t\t\t\t<div class=\"elementor-element elementor-element-6d0c12c elementor-position-top elementor-widget elementor-widget-image-box\" data-id=\"6d0c12c\" data-element_type=\"widget\" data-e-type=\"widget\" data-widget_type=\"image-box.default\">\n\t\t\t\t\t<div class=\"elementor-image-box-wrapper\"><figure class=\"elementor-image-box-img\"><img decoding=\"async\" width=\"850\" height=\"650\" src=\"https:\/\/zilikstav.sk\/wp-content\/uploads\/2026\/02\/kipper5.webp\" class=\"attachment-full size-full wp-image-3091\" alt=\"\" srcset=\"https:\/\/zilikstav.sk\/wp-content\/uploads\/2026\/02\/kipper5.webp 850w, https:\/\/zilikstav.sk\/wp-content\/uploads\/2026\/02\/kipper5-300x229.webp 300w, https:\/\/zilikstav.sk\/wp-content\/uploads\/2026\/02\/kipper5-768x587.webp 768w, https:\/\/zilikstav.sk\/wp-content\/uploads\/2026\/02\/kipper5-16x12.webp 16w\" sizes=\"(max-width: 850px) 100vw, 850px\" \/><\/figure><div class=\"elementor-image-box-content\"><h3 class=\"elementor-image-box-title\">Lastkraftwagen mit Kippanh\u00e4nger <\/h3><p class=\"elementor-image-box-description\">Transport von Kies, Sand, Zuschlagstoffen und Erde<\/p><\/div><\/div>\t\t\t\t<\/div>\n\t\t\t\t<\/div>\n\t\t\t\t\t<\/div>\n\t\t\t\t<\/div>\n\t\t<div class=\"elementor-element elementor-element-19747e4 e-flex e-con-boxed e-con e-parent\" data-id=\"19747e4\" data-element_type=\"container\" data-e-type=\"container\">\n\t\t\t\t\t<div class=\"e-con-inner\">\n\t\t<div class=\"elementor-element elementor-element-e8935f7 e-con-full e-flex e-con e-child\" data-id=\"e8935f7\" data-element_type=\"container\" data-e-type=\"container\">\n\t\t\t\t<div class=\"elementor-element elementor-element-1cadb49 elementor-position-top elementor-widget elementor-widget-image-box\" data-id=\"1cadb49\" data-element_type=\"widget\" data-e-type=\"widget\" data-widget_type=\"image-box.default\">\n\t\t\t\t\t<div class=\"elementor-image-box-wrapper\"><figure class=\"elementor-image-box-img\"><img decoding=\"async\" width=\"850\" height=\"647\" src=\"https:\/\/zilikstav.sk\/wp-content\/uploads\/2026\/02\/Nakladac.webp\" class=\"attachment-full size-full wp-image-2142\" alt=\"\" srcset=\"https:\/\/zilikstav.sk\/wp-content\/uploads\/2026\/02\/Nakladac.webp 850w, https:\/\/zilikstav.sk\/wp-content\/uploads\/2026\/02\/Nakladac-300x228.webp 300w, https:\/\/zilikstav.sk\/wp-content\/uploads\/2026\/02\/Nakladac-768x585.webp 768w\" sizes=\"(max-width: 850px) 100vw, 850px\" \/><\/figure><div class=\"elementor-image-box-content\"><h3 class=\"elementor-image-box-title\">Frontlader<\/h3><p class=\"elementor-image-box-description\">Schneller und effizienter Materialumschlag<\/p><\/div><\/div>\t\t\t\t<\/div>\n\t\t\t\t<\/div>\n\t\t<div class=\"elementor-element elementor-element-437586d e-con-full e-flex e-con e-child\" data-id=\"437586d\" data-element_type=\"container\" data-e-type=\"container\">\n\t\t\t\t<div class=\"elementor-element elementor-element-467884a elementor-position-top elementor-widget elementor-widget-image-box\" data-id=\"467884a\" data-element_type=\"widget\" data-e-type=\"widget\" data-widget_type=\"image-box.default\">\n\t\t\t\t\t<div class=\"elementor-image-box-wrapper\"><figure class=\"elementor-image-box-img\"><img loading=\"lazy\" decoding=\"async\" width=\"850\" height=\"653\" src=\"https:\/\/zilikstav.sk\/wp-content\/uploads\/2026\/02\/Bager-4.webp\" class=\"attachment-full size-full wp-image-2733\" alt=\"\" srcset=\"https:\/\/zilikstav.sk\/wp-content\/uploads\/2026\/02\/Bager-4.webp 850w, https:\/\/zilikstav.sk\/wp-content\/uploads\/2026\/02\/Bager-4-300x230.webp 300w, https:\/\/zilikstav.sk\/wp-content\/uploads\/2026\/02\/Bager-4-768x590.webp 768w, https:\/\/zilikstav.sk\/wp-content\/uploads\/2026\/02\/Bager-4-16x12.webp 16w\" sizes=\"(max-width: 850px) 100vw, 850px\" \/><\/figure><div class=\"elementor-image-box-content\"><h3 class=\"elementor-image-box-title\">Bagger mit Anbauger\u00e4ten<\/h3><p class=\"elementor-image-box-description\">Pr\u00e4zise Ausgrabungen und Landschaftsgestaltung<\/p><\/div><\/div>\t\t\t\t<\/div>\n\t\t\t\t<\/div>\n\t\t\t\t\t<\/div>\n\t\t\t\t<\/div>\n\t\t<div class=\"elementor-element elementor-element-713fec6 e-flex e-con-boxed e-con e-parent\" data-id=\"713fec6\" data-element_type=\"container\" data-e-type=\"container\">\n\t\t\t\t\t<div class=\"e-con-inner\">\n\t\t<div class=\"elementor-element elementor-element-847a99c e-con-full e-flex e-con e-child\" data-id=\"847a99c\" data-element_type=\"container\" data-e-type=\"container\">\n\t\t\t\t<div class=\"elementor-element elementor-element-42084ba elementor-position-top elementor-widget elementor-widget-image-box\" data-id=\"42084ba\" data-element_type=\"widget\" data-e-type=\"widget\" data-widget_type=\"image-box.default\">\n\t\t\t\t\t<div class=\"elementor-image-box-wrapper\"><figure class=\"elementor-image-box-img\"><img loading=\"lazy\" decoding=\"async\" width=\"850\" height=\"533\" src=\"https:\/\/zilikstav.sk\/wp-content\/uploads\/2026\/02\/domiesavac2.webp\" class=\"attachment-full size-full wp-image-2738\" alt=\"\" srcset=\"https:\/\/zilikstav.sk\/wp-content\/uploads\/2026\/02\/domiesavac2.webp 850w, https:\/\/zilikstav.sk\/wp-content\/uploads\/2026\/02\/domiesavac2-300x188.webp 300w, https:\/\/zilikstav.sk\/wp-content\/uploads\/2026\/02\/domiesavac2-768x482.webp 768w, https:\/\/zilikstav.sk\/wp-content\/uploads\/2026\/02\/domiesavac2-18x12.webp 18w\" sizes=\"(max-width: 850px) 100vw, 850px\" \/><\/figure><div class=\"elementor-image-box-content\"><h3 class=\"elementor-image-box-title\">Mischer und Lastwagen f\u00fcr den Transport von Beton <\/h3><p class=\"elementor-image-box-description\">Sicherstellung einer kontinuierlichen Versorgung der Baustelle mit Beton<\/p><\/div><\/div>\t\t\t\t<\/div>\n\t\t\t\t<\/div>\n\t\t<div class=\"elementor-element elementor-element-8366023 e-con-full e-flex e-con e-child\" data-id=\"8366023\" data-element_type=\"container\" data-e-type=\"container\">\n\t\t\t\t<div class=\"elementor-element elementor-element-a73b058 elementor-position-top elementor-widget elementor-widget-image-box\" data-id=\"a73b058\" data-element_type=\"widget\" data-e-type=\"widget\" data-widget_type=\"image-box.default\">\n\t\t\t\t\t<div class=\"elementor-image-box-wrapper\"><figure class=\"elementor-image-box-img\"><img loading=\"lazy\" decoding=\"async\" width=\"1024\" height=\"731\" src=\"https:\/\/zilikstav.sk\/wp-content\/uploads\/2026\/03\/autozeriav.webp\" class=\"attachment-full size-full wp-image-3285\" alt=\"\" srcset=\"https:\/\/zilikstav.sk\/wp-content\/uploads\/2026\/03\/autozeriav.webp 1024w, https:\/\/zilikstav.sk\/wp-content\/uploads\/2026\/03\/autozeriav-300x214.webp 300w, https:\/\/zilikstav.sk\/wp-content\/uploads\/2026\/03\/autozeriav-768x548.webp 768w, https:\/\/zilikstav.sk\/wp-content\/uploads\/2026\/03\/autozeriav-18x12.webp 18w\" sizes=\"(max-width: 1024px) 100vw, 1024px\" \/><\/figure><div class=\"elementor-image-box-content\"><h3 class=\"elementor-image-box-title\">Trainer<\/h3><p class=\"elementor-image-box-description\">Handhabung von Lasten <\/p><\/div><\/div>\t\t\t\t<\/div>\n\t\t\t\t<\/div>\n\t\t\t\t\t<\/div>\n\t\t\t\t<\/div>\n\t\t\t\t<\/div>","protected":false},"excerpt":{"rendered":"<p>\u017dil\u00edkstav, s.r.o. Sila sk\u00fasenost\u00ed a techniky V\u00e1\u0161 projekt je v ruk\u00e1ch profesion\u00e1lov, ktor\u00ed ber\u00fa svoju pr\u00e1cu zodpovedne. Sme stabiln\u00fdm partnerom Spolo\u010dnos\u0165 \u017dil\u00edkstav, s.r.o. p\u00f4sob\u00ed na trhu od roku 2013. Na\u0161ou prioritou v oblasti odpadov\u00e9ho hospod\u00e1rstva, zemn\u00fdch pr\u00e1c a prepravy je: poskytova\u0165 slu\u017eby ktor\u00e9 s\u00fa efekt\u00edvne, v\u010dasn\u00e9 a s\u00fa plne v s\u00falade so v\u0161etk\u00fdmi platn\u00fdmi predpismi.\u00a0 [&hellip;]<\/p>\n","protected":false},"author":1,"featured_media":0,"parent":0,"menu_order":2,"comment_status":"closed","ping_status":"closed","template":"elementor_header_footer","meta":{"site-sidebar-layout":"no-sidebar","site-content-layout":"page-builder","ast-site-content-layout":"full-width-container","site-content-style":"default","site-sidebar-style":"default","ast-global-header-display":"","ast-banner-title-visibility":"","ast-main-header-display":"","ast-hfb-above-header-display":"","ast-hfb-below-header-display":"","ast-hfb-mobile-header-display":"","site-post-title":"","ast-breadcrumbs-content":"","ast-featured-img":"disabled","footer-sml-layout":"","ast-disable-related-posts":"","theme-transparent-header-meta":"","adv-header-id-meta":"","stick-header-meta":"","header-above-stick-meta":"","header-main-stick-meta":"","header-below-stick-meta":"","astra-migrate-meta-layouts":"default","ast-page-background-enabled":"default","ast-page-background-meta":{"desktop":{"background-color":"var(--ast-global-color-4)","background-image":"","background-repeat":"repeat","background-position":"center center","background-size":"auto","background-attachment":"scroll","background-type":"","background-media":"","overlay-type":"","overlay-color":"","overlay-opacity":"","overlay-gradient":""},"tablet":{"background-color":"","background-image":"","background-repeat":"repeat","background-position":"center center","background-size":"auto","background-attachment":"scroll","background-type":"","background-media":"","overlay-type":"","overlay-color":"","overlay-opacity":"","overlay-gradient":""},"mobile":{"background-color":"","background-image":"","background-repeat":"repeat","background-position":"center center","background-size":"auto","background-attachment":"scroll","background-type":"","background-media":"","overlay-type":"","overlay-color":"","overlay-opacity":"","overlay-gradient":""}},"ast-content-background-meta":{"desktop":{"background-color":"var(--ast-global-color-5)","background-image":"","background-repeat":"repeat","background-position":"center center","background-size":"auto","background-attachment":"scroll","background-type":"","background-media":"","overlay-type":"","overlay-color":"","overlay-opacity":"","overlay-gradient":""},"tablet":{"background-color":"var(--ast-global-color-5)","background-image":"","background-repeat":"repeat","background-position":"center center","background-size":"auto","background-attachment":"scroll","background-type":"","background-media":"","overlay-type":"","overlay-color":"","overlay-opacity":"","overlay-gradient":""},"mobile":{"background-color":"var(--ast-global-color-5)","background-image":"","background-repeat":"repeat","background-position":"center center","background-size":"auto","background-attachment":"scroll","background-type":"","background-media":"","overlay-type":"","overlay-color":"","overlay-opacity":"","overlay-gradient":""}},"footnotes":""},"class_list":["post-1316","page","type-page","status-publish","hentry"],"_links":{"self":[{"href":"https:\/\/zilikstav.sk\/de\/wp-json\/wp\/v2\/pages\/1316","targetHints":{"allow":["GET"]}}],"collection":[{"href":"https:\/\/zilikstav.sk\/de\/wp-json\/wp\/v2\/pages"}],"about":[{"href":"https:\/\/zilikstav.sk\/de\/wp-json\/wp\/v2\/types\/page"}],"author":[{"embeddable":true,"href":"https:\/\/zilikstav.sk\/de\/wp-json\/wp\/v2\/users\/1"}],"replies":[{"embeddable":true,"href":"https:\/\/zilikstav.sk\/de\/wp-json\/wp\/v2\/comments?post=1316"}],"version-history":[{"count":173,"href":"https:\/\/zilikstav.sk\/de\/wp-json\/wp\/v2\/pages\/1316\/revisions"}],"predecessor-version":[{"id":3294,"href":"https:\/\/zilikstav.sk\/de\/wp-json\/wp\/v2\/pages\/1316\/revisions\/3294"}],"wp:attachment":[{"href":"https:\/\/zilikstav.sk\/de\/wp-json\/wp\/v2\/media?parent=1316"}],"curies":[{"name":"wp","href":"https:\/\/api.w.org\/{rel}","templated":true}]}}