{"id":586,"date":"2026-02-05T17:07:43","date_gmt":"2026-02-05T16:07:43","guid":{"rendered":"https:\/\/zilikstav.sk\/about-us\/"},"modified":"2026-03-17T14:00:56","modified_gmt":"2026-03-17T13:00:56","slug":"zilikstav","status":"publish","type":"page","link":"https:\/\/zilikstav.sk\/hu\/","title":{"rendered":"Kezd\u0151oldal"},"content":{"rendered":"<div data-elementor-type=\"wp-page\" data-elementor-id=\"586\" class=\"elementor elementor-586\" data-elementor-post-type=\"page\">\n\t\t\t\t<div class=\"elementor-element elementor-element-1f605d3 e-con-full e-flex e-con e-parent\" data-id=\"1f605d3\" data-element_type=\"container\" data-e-type=\"container\" data-settings=\"{&quot;background_background&quot;:&quot;classic&quot;}\">\n\t\t<div class=\"elementor-element elementor-element-513040a e-con-full e-flex e-con e-child\" data-id=\"513040a\" data-element_type=\"container\" data-e-type=\"container\" data-settings=\"{&quot;background_background&quot;:&quot;classic&quot;}\">\n\t\t<div class=\"elementor-element elementor-element-dd98fa2 e-con-full e-flex e-con e-child\" data-id=\"dd98fa2\" data-element_type=\"container\" data-e-type=\"container\">\n\t\t<div class=\"elementor-element elementor-element-839eecc elementor-hidden-mobile elementor-hidden-tablet e-con-full e-flex e-con e-child\" data-id=\"839eecc\" data-element_type=\"container\" data-e-type=\"container\">\n\t\t\t\t<div class=\"elementor-element elementor-element-5f2dacf elementor-widget__width-initial elementor-hidden-tablet elementor-hidden-mobile elementor-widget elementor-widget-image\" data-id=\"5f2dacf\" data-element_type=\"widget\" data-e-type=\"widget\" data-widget_type=\"image.default\">\n\t\t\t\t\t\t\t\t\t\t\t\t\t\t\t<img fetchpriority=\"high\" decoding=\"async\" width=\"300\" height=\"188\" src=\"https:\/\/zilikstav.sk\/wp-content\/uploads\/2026\/02\/Logo-3D-long.webp\" class=\"attachment-medium_large size-medium_large wp-image-2689\" alt=\"\" srcset=\"https:\/\/zilikstav.sk\/wp-content\/uploads\/2026\/02\/Logo-3D-long.webp 300w, https:\/\/zilikstav.sk\/wp-content\/uploads\/2026\/02\/Logo-3D-long-18x12.webp 18w\" sizes=\"(max-width: 300px) 100vw, 300px\" \/>\t\t\t\t\t\t\t\t\t\t\t\t\t\t\t<\/div>\n\t\t\t\t<\/div>\n\t\t<div class=\"elementor-element elementor-element-9c3cfa5 e-con-full e-flex e-con e-child\" data-id=\"9c3cfa5\" data-element_type=\"container\" data-e-type=\"container\">\n\t\t\t\t<div class=\"elementor-element elementor-element-3dea824 elementor-widget-tablet__width-inherit elementor-widget__width-inherit elementor-widget elementor-widget-heading\" data-id=\"3dea824\" data-element_type=\"widget\" data-e-type=\"widget\" data-widget_type=\"heading.default\">\n\t\t\t\t\t<h1 class=\"elementor-heading-title elementor-size-default\">\u017dIL\u00cdKSTAV, Kft. <br> <\/h1>\t\t\t\t<\/div>\n\t\t\t\t<div class=\"elementor-element elementor-element-de742a5 elementor-widget-tablet__width-inherit elementor-widget__width-inherit elementor-widget elementor-widget-heading\" data-id=\"de742a5\" data-element_type=\"widget\" data-e-type=\"widget\" data-widget_type=\"heading.default\">\n\t\t\t\t\t<h2 class=\"elementor-heading-title elementor-size-default\">megb\u00edzhat\u00f3s\u00e1g az alapokt\u00f3l kezdve<\/h2>\t\t\t\t<\/div>\n\t\t<div class=\"elementor-element elementor-element-e9576ad e-con-full e-flex e-con e-child\" data-id=\"e9576ad\" data-element_type=\"container\" data-e-type=\"container\">\n\t\t<a class=\"elementor-element elementor-element-58ba889 e-con-full e-flex e-con e-child\" data-id=\"58ba889\" data-element_type=\"container\" data-e-type=\"container\" href=\"https:\/\/zilikstav.sk\/hu\/szolgaltatasok\/#likvidaciaodpadu\">\n\t\t\t\t<div class=\"elementor-element elementor-element-a2f7c0d elementor-vertical-align-middle elementor-widget__width-initial e-transform e-transform elementor-position-left elementor-position-top elementor-invisible elementor-widget elementor-widget-image-box\" data-id=\"a2f7c0d\" data-element_type=\"widget\" data-e-type=\"widget\" data-settings=\"{&quot;_animation&quot;:&quot;fadeInUp&quot;,&quot;_transform_translateX_effect_hover&quot;:{&quot;unit&quot;:&quot;px&quot;,&quot;size&quot;:0,&quot;sizes&quot;:[]},&quot;_transform_translateY_effect_hover&quot;:{&quot;unit&quot;:&quot;px&quot;,&quot;size&quot;:-10,&quot;sizes&quot;:[]},&quot;_transform_translateX_effect_hover_mobile&quot;:{&quot;unit&quot;:&quot;px&quot;,&quot;size&quot;:0,&quot;sizes&quot;:[]},&quot;_transform_translateX_effect&quot;:{&quot;unit&quot;:&quot;px&quot;,&quot;size&quot;:&quot;&quot;,&quot;sizes&quot;:[]},&quot;_transform_translateX_effect_tablet&quot;:{&quot;unit&quot;:&quot;px&quot;,&quot;size&quot;:&quot;&quot;,&quot;sizes&quot;:[]},&quot;_transform_translateX_effect_mobile&quot;:{&quot;unit&quot;:&quot;px&quot;,&quot;size&quot;:&quot;&quot;,&quot;sizes&quot;:[]},&quot;_transform_translateY_effect&quot;:{&quot;unit&quot;:&quot;px&quot;,&quot;size&quot;:&quot;&quot;,&quot;sizes&quot;:[]},&quot;_transform_translateY_effect_tablet&quot;:{&quot;unit&quot;:&quot;px&quot;,&quot;size&quot;:&quot;&quot;,&quot;sizes&quot;:[]},&quot;_transform_translateY_effect_mobile&quot;:{&quot;unit&quot;:&quot;px&quot;,&quot;size&quot;:&quot;&quot;,&quot;sizes&quot;:[]},&quot;_transform_translateX_effect_hover_tablet&quot;:{&quot;unit&quot;:&quot;px&quot;,&quot;size&quot;:&quot;&quot;,&quot;sizes&quot;:[]},&quot;_transform_translateY_effect_hover_tablet&quot;:{&quot;unit&quot;:&quot;px&quot;,&quot;size&quot;:&quot;&quot;,&quot;sizes&quot;:[]},&quot;_transform_translateY_effect_hover_mobile&quot;:{&quot;unit&quot;:&quot;px&quot;,&quot;size&quot;:&quot;&quot;,&quot;sizes&quot;:[]}}\" data-widget_type=\"image-box.default\">\n\t\t\t\t\t<div class=\"elementor-image-box-wrapper\"><figure class=\"elementor-image-box-img\"><img decoding=\"async\" width=\"300\" height=\"288\" src=\"https:\/\/zilikstav.sk\/wp-content\/uploads\/2026\/02\/odpad-ikona.webp\" class=\"attachment-full size-full wp-image-1574\" alt=\"\" \/><\/figure><div class=\"elementor-image-box-content\"><h3 class=\"elementor-image-box-title\">Hullad\u00e9ksz\u00e1ll\u00edt\u00e1s<\/h3><\/div><\/div>\t\t\t\t<\/div>\n\t\t\t\t<\/a>\n\t\t<a class=\"elementor-element elementor-element-71bc7ec e-con-full e-flex e-con e-child\" data-id=\"71bc7ec\" data-element_type=\"container\" data-e-type=\"container\" href=\"https:\/\/zilikstav.sk\/hu\/szolgaltatasok\/#vykopoveprace\">\n\t\t\t\t<div class=\"elementor-element elementor-element-900b49c elementor-vertical-align-middle elementor-widget__width-inherit e-transform e-transform elementor-position-left elementor-position-top elementor-invisible elementor-widget elementor-widget-image-box\" data-id=\"900b49c\" data-element_type=\"widget\" data-e-type=\"widget\" data-settings=\"{&quot;_animation&quot;:&quot;fadeInUp&quot;,&quot;_transform_translateX_effect_hover&quot;:{&quot;unit&quot;:&quot;px&quot;,&quot;size&quot;:0,&quot;sizes&quot;:[]},&quot;_transform_translateY_effect_hover&quot;:{&quot;unit&quot;:&quot;px&quot;,&quot;size&quot;:-10,&quot;sizes&quot;:[]},&quot;_animation_delay&quot;:500,&quot;_transform_translateX_effect&quot;:{&quot;unit&quot;:&quot;px&quot;,&quot;size&quot;:&quot;&quot;,&quot;sizes&quot;:[]},&quot;_transform_translateX_effect_tablet&quot;:{&quot;unit&quot;:&quot;px&quot;,&quot;size&quot;:&quot;&quot;,&quot;sizes&quot;:[]},&quot;_transform_translateX_effect_mobile&quot;:{&quot;unit&quot;:&quot;px&quot;,&quot;size&quot;:&quot;&quot;,&quot;sizes&quot;:[]},&quot;_transform_translateY_effect&quot;:{&quot;unit&quot;:&quot;px&quot;,&quot;size&quot;:&quot;&quot;,&quot;sizes&quot;:[]},&quot;_transform_translateY_effect_tablet&quot;:{&quot;unit&quot;:&quot;px&quot;,&quot;size&quot;:&quot;&quot;,&quot;sizes&quot;:[]},&quot;_transform_translateY_effect_mobile&quot;:{&quot;unit&quot;:&quot;px&quot;,&quot;size&quot;:&quot;&quot;,&quot;sizes&quot;:[]},&quot;_transform_translateX_effect_hover_tablet&quot;:{&quot;unit&quot;:&quot;px&quot;,&quot;size&quot;:&quot;&quot;,&quot;sizes&quot;:[]},&quot;_transform_translateX_effect_hover_mobile&quot;:{&quot;unit&quot;:&quot;px&quot;,&quot;size&quot;:&quot;&quot;,&quot;sizes&quot;:[]},&quot;_transform_translateY_effect_hover_tablet&quot;:{&quot;unit&quot;:&quot;px&quot;,&quot;size&quot;:&quot;&quot;,&quot;sizes&quot;:[]},&quot;_transform_translateY_effect_hover_mobile&quot;:{&quot;unit&quot;:&quot;px&quot;,&quot;size&quot;:&quot;&quot;,&quot;sizes&quot;:[]}}\" data-widget_type=\"image-box.default\">\n\t\t\t\t\t<div class=\"elementor-image-box-wrapper\"><figure class=\"elementor-image-box-img\"><img decoding=\"async\" width=\"300\" height=\"296\" src=\"https:\/\/zilikstav.sk\/wp-content\/uploads\/2026\/02\/Foldmunka-ikon.webp\" class=\"attachment-full size-full wp-image-1573\" alt=\"\" \/><\/figure><div class=\"elementor-image-box-content\"><h3 class=\"elementor-image-box-title\">Tereprendez\u00e9s<\/h3><\/div><\/div>\t\t\t\t<\/div>\n\t\t\t\t<\/a>\n\t\t<a class=\"elementor-element elementor-element-879496e e-con-full e-flex e-con e-child\" data-id=\"879496e\" data-element_type=\"container\" data-e-type=\"container\" href=\"https:\/\/zilikstav.sk\/hu\/szolgaltatasok\/#buracieprace\">\n\t\t\t\t<div class=\"elementor-element elementor-element-6be38d5 elementor-vertical-align-middle elementor-widget__width-initial e-transform e-transform elementor-position-left elementor-position-top elementor-invisible elementor-widget elementor-widget-image-box\" data-id=\"6be38d5\" data-element_type=\"widget\" data-e-type=\"widget\" data-settings=\"{&quot;_animation&quot;:&quot;fadeInUp&quot;,&quot;_transform_translateX_effect_hover&quot;:{&quot;unit&quot;:&quot;px&quot;,&quot;size&quot;:0,&quot;sizes&quot;:[]},&quot;_transform_translateY_effect_hover&quot;:{&quot;unit&quot;:&quot;px&quot;,&quot;size&quot;:-10,&quot;sizes&quot;:[]},&quot;_animation_delay&quot;:1000,&quot;_transform_translateX_effect&quot;:{&quot;unit&quot;:&quot;px&quot;,&quot;size&quot;:&quot;&quot;,&quot;sizes&quot;:[]},&quot;_transform_translateX_effect_tablet&quot;:{&quot;unit&quot;:&quot;px&quot;,&quot;size&quot;:&quot;&quot;,&quot;sizes&quot;:[]},&quot;_transform_translateX_effect_mobile&quot;:{&quot;unit&quot;:&quot;px&quot;,&quot;size&quot;:&quot;&quot;,&quot;sizes&quot;:[]},&quot;_transform_translateY_effect&quot;:{&quot;unit&quot;:&quot;px&quot;,&quot;size&quot;:&quot;&quot;,&quot;sizes&quot;:[]},&quot;_transform_translateY_effect_tablet&quot;:{&quot;unit&quot;:&quot;px&quot;,&quot;size&quot;:&quot;&quot;,&quot;sizes&quot;:[]},&quot;_transform_translateY_effect_mobile&quot;:{&quot;unit&quot;:&quot;px&quot;,&quot;size&quot;:&quot;&quot;,&quot;sizes&quot;:[]},&quot;_transform_translateX_effect_hover_tablet&quot;:{&quot;unit&quot;:&quot;px&quot;,&quot;size&quot;:&quot;&quot;,&quot;sizes&quot;:[]},&quot;_transform_translateX_effect_hover_mobile&quot;:{&quot;unit&quot;:&quot;px&quot;,&quot;size&quot;:&quot;&quot;,&quot;sizes&quot;:[]},&quot;_transform_translateY_effect_hover_tablet&quot;:{&quot;unit&quot;:&quot;px&quot;,&quot;size&quot;:&quot;&quot;,&quot;sizes&quot;:[]},&quot;_transform_translateY_effect_hover_mobile&quot;:{&quot;unit&quot;:&quot;px&quot;,&quot;size&quot;:&quot;&quot;,&quot;sizes&quot;:[]}}\" data-widget_type=\"image-box.default\">\n\t\t\t\t\t<div class=\"elementor-image-box-wrapper\"><figure class=\"elementor-image-box-img\"><img loading=\"lazy\" decoding=\"async\" width=\"300\" height=\"253\" src=\"https:\/\/zilikstav.sk\/wp-content\/uploads\/2026\/02\/demolacia-ikona.webp\" class=\"attachment-full size-full wp-image-1572\" alt=\"\" \/><\/figure><div class=\"elementor-image-box-content\"><h3 class=\"elementor-image-box-title\">Bont\u00e1si munk\u00e1latok<\/h3><\/div><\/div>\t\t\t\t<\/div>\n\t\t\t\t<\/a>\n\t\t<a class=\"elementor-element elementor-element-1e51b16 e-con-full e-flex e-con e-child\" data-id=\"1e51b16\" data-element_type=\"container\" data-e-type=\"container\" href=\"https:\/\/zilikstav.sk\/hu\/szolgaltatasok\/#prepravamaterialu\">\n\t\t\t\t<div class=\"elementor-element elementor-element-aae50c7 elementor-vertical-align-middle elementor-widget__width-initial e-transform e-transform elementor-position-left elementor-position-top elementor-invisible elementor-widget elementor-widget-image-box\" data-id=\"aae50c7\" data-element_type=\"widget\" data-e-type=\"widget\" data-settings=\"{&quot;_animation&quot;:&quot;fadeInUp&quot;,&quot;_transform_translateX_effect_hover&quot;:{&quot;unit&quot;:&quot;px&quot;,&quot;size&quot;:0,&quot;sizes&quot;:[]},&quot;_transform_translateY_effect_hover&quot;:{&quot;unit&quot;:&quot;px&quot;,&quot;size&quot;:-10,&quot;sizes&quot;:[]},&quot;_animation_delay&quot;:1500,&quot;_transform_translateX_effect&quot;:{&quot;unit&quot;:&quot;px&quot;,&quot;size&quot;:&quot;&quot;,&quot;sizes&quot;:[]},&quot;_transform_translateX_effect_tablet&quot;:{&quot;unit&quot;:&quot;px&quot;,&quot;size&quot;:&quot;&quot;,&quot;sizes&quot;:[]},&quot;_transform_translateX_effect_mobile&quot;:{&quot;unit&quot;:&quot;px&quot;,&quot;size&quot;:&quot;&quot;,&quot;sizes&quot;:[]},&quot;_transform_translateY_effect&quot;:{&quot;unit&quot;:&quot;px&quot;,&quot;size&quot;:&quot;&quot;,&quot;sizes&quot;:[]},&quot;_transform_translateY_effect_tablet&quot;:{&quot;unit&quot;:&quot;px&quot;,&quot;size&quot;:&quot;&quot;,&quot;sizes&quot;:[]},&quot;_transform_translateY_effect_mobile&quot;:{&quot;unit&quot;:&quot;px&quot;,&quot;size&quot;:&quot;&quot;,&quot;sizes&quot;:[]},&quot;_transform_translateX_effect_hover_tablet&quot;:{&quot;unit&quot;:&quot;px&quot;,&quot;size&quot;:&quot;&quot;,&quot;sizes&quot;:[]},&quot;_transform_translateX_effect_hover_mobile&quot;:{&quot;unit&quot;:&quot;px&quot;,&quot;size&quot;:&quot;&quot;,&quot;sizes&quot;:[]},&quot;_transform_translateY_effect_hover_tablet&quot;:{&quot;unit&quot;:&quot;px&quot;,&quot;size&quot;:&quot;&quot;,&quot;sizes&quot;:[]},&quot;_transform_translateY_effect_hover_mobile&quot;:{&quot;unit&quot;:&quot;px&quot;,&quot;size&quot;:&quot;&quot;,&quot;sizes&quot;:[]}}\" data-widget_type=\"image-box.default\">\n\t\t\t\t\t<div class=\"elementor-image-box-wrapper\"><figure class=\"elementor-image-box-img\"><img loading=\"lazy\" decoding=\"async\" width=\"300\" height=\"248\" src=\"https:\/\/zilikstav.sk\/wp-content\/uploads\/2026\/02\/preprava-ikon.webp\" class=\"attachment-full size-full wp-image-1636\" alt=\"\" \/><\/figure><div class=\"elementor-image-box-content\"><h3 class=\"elementor-image-box-title\">Z\u00fazott k\u0151, kavics \u00e9s term\u00e9sf\u00f6ld sz\u00e1ll\u00edt\u00e1sa<\/h3><\/div><\/div>\t\t\t\t<\/div>\n\t\t\t\t<\/a>\n\t\t<a class=\"elementor-element elementor-element-cf3cfdb e-con-full e-flex e-con e-child\" data-id=\"cf3cfdb\" data-element_type=\"container\" data-e-type=\"container\" href=\"https:\/\/zilikstav.sk\/hu\/szolgaltatasok\/#zeriavnickeprace\">\n\t\t\t\t<div class=\"elementor-element elementor-element-7141614 elementor-vertical-align-middle elementor-widget__width-initial e-transform e-transform elementor-position-left elementor-position-top elementor-invisible elementor-widget elementor-widget-image-box\" data-id=\"7141614\" data-element_type=\"widget\" data-e-type=\"widget\" data-settings=\"{&quot;_animation&quot;:&quot;fadeInUp&quot;,&quot;_transform_translateX_effect_hover&quot;:{&quot;unit&quot;:&quot;px&quot;,&quot;size&quot;:0,&quot;sizes&quot;:[]},&quot;_transform_translateY_effect_hover&quot;:{&quot;unit&quot;:&quot;px&quot;,&quot;size&quot;:-10,&quot;sizes&quot;:[]},&quot;_animation_delay&quot;:2000,&quot;_transform_translateX_effect&quot;:{&quot;unit&quot;:&quot;px&quot;,&quot;size&quot;:&quot;&quot;,&quot;sizes&quot;:[]},&quot;_transform_translateX_effect_tablet&quot;:{&quot;unit&quot;:&quot;px&quot;,&quot;size&quot;:&quot;&quot;,&quot;sizes&quot;:[]},&quot;_transform_translateX_effect_mobile&quot;:{&quot;unit&quot;:&quot;px&quot;,&quot;size&quot;:&quot;&quot;,&quot;sizes&quot;:[]},&quot;_transform_translateY_effect&quot;:{&quot;unit&quot;:&quot;px&quot;,&quot;size&quot;:&quot;&quot;,&quot;sizes&quot;:[]},&quot;_transform_translateY_effect_tablet&quot;:{&quot;unit&quot;:&quot;px&quot;,&quot;size&quot;:&quot;&quot;,&quot;sizes&quot;:[]},&quot;_transform_translateY_effect_mobile&quot;:{&quot;unit&quot;:&quot;px&quot;,&quot;size&quot;:&quot;&quot;,&quot;sizes&quot;:[]},&quot;_transform_translateX_effect_hover_tablet&quot;:{&quot;unit&quot;:&quot;px&quot;,&quot;size&quot;:&quot;&quot;,&quot;sizes&quot;:[]},&quot;_transform_translateX_effect_hover_mobile&quot;:{&quot;unit&quot;:&quot;px&quot;,&quot;size&quot;:&quot;&quot;,&quot;sizes&quot;:[]},&quot;_transform_translateY_effect_hover_tablet&quot;:{&quot;unit&quot;:&quot;px&quot;,&quot;size&quot;:&quot;&quot;,&quot;sizes&quot;:[]},&quot;_transform_translateY_effect_hover_mobile&quot;:{&quot;unit&quot;:&quot;px&quot;,&quot;size&quot;:&quot;&quot;,&quot;sizes&quot;:[]}}\" data-widget_type=\"image-box.default\">\n\t\t\t\t\t<div class=\"elementor-image-box-wrapper\"><figure class=\"elementor-image-box-img\"><img loading=\"lazy\" decoding=\"async\" width=\"300\" height=\"285\" src=\"https:\/\/zilikstav.sk\/wp-content\/uploads\/2026\/03\/zeriav.webp\" class=\"attachment-full size-full wp-image-3174\" alt=\"\" srcset=\"https:\/\/zilikstav.sk\/wp-content\/uploads\/2026\/03\/zeriav.webp 300w, https:\/\/zilikstav.sk\/wp-content\/uploads\/2026\/03\/zeriav-13x12.webp 13w\" sizes=\"(max-width: 300px) 100vw, 300px\" \/><\/figure><div class=\"elementor-image-box-content\"><h3 class=\"elementor-image-box-title\">Daruz\u00e1s, daruval t\u00f6rt\u00e9n\u0151 anyagmozgat\u00e1s<\/h3><\/div><\/div>\t\t\t\t<\/div>\n\t\t\t\t<\/a>\n\t\t\t\t<\/div>\n\t\t\t\t<div class=\"elementor-element elementor-element-f1a458f elementor-widget__width-inherit elementor-widget elementor-widget-heading\" data-id=\"f1a458f\" data-element_type=\"widget\" data-e-type=\"widget\" data-widget_type=\"heading.default\">\n\t\t\t\t\t<h2 class=\"elementor-heading-title elementor-size-default\">\u00dcdv\u00f6z\u00f6lj\u00fck a \u017dIL\u00cdKSTAV, Kft. weboldal\u00e1n - az \u00d6n megb\u00edzhat\u00f3 partnere a Felvid\u00e9ken: Ipolys\u00e1g, Gy\u0171gy, L\u00e9va, Nagyk\u00fcrt\u00f6s, P\u00e1rk\u00e1ny \u00e9s Zsel\u00edz k\u00f6rny\u00e9k\u00e9n. <\/h2>\t\t\t\t<\/div>\n\t\t\t\t<\/div>\n\t\t\t\t<\/div>\n\t\t\t\t<\/div>\n\t\t\t\t<\/div>\n\t\t<div class=\"elementor-element elementor-element-49e4556 e-flex e-con-boxed e-con e-parent\" data-id=\"49e4556\" data-element_type=\"container\" data-e-type=\"container\">\n\t\t\t\t\t<div class=\"e-con-inner\">\n\t\t\t\t<div class=\"elementor-element elementor-element-84148a5 elementor-widget elementor-widget-text-editor\" data-id=\"84148a5\" data-element_type=\"widget\" data-e-type=\"widget\" data-widget_type=\"text-editor.default\">\n\t\t\t\t\t\t\t\t\t<p>\u00c1tfog\u00f3 szolg\u00e1ltat\u00e1st ny\u00fajtunk, amely a teljes \u00e9p\u00edt\u00e9si folyamatot lefedi - a bont\u00e1st\u00f3l \u00e9s az els\u0151 f\u00f6ldmunk\u00e1kt\u00f3l kezdve az anyagsz\u00e1ll\u00edt\u00e1son \u00e1t a hullad\u00e9k elsz\u00e1ll\u00edt\u00e1s\u00e1ig \u00e9s az \u00f6kol\u00f3giai hullad\u00e9k\u00e1rtalmatlan\u00edt\u00e1sig. A logisztik\u00e1t, az anyagmozgat\u00e1st \u00e9s a neh\u00e9z terepmunk\u00e1t mi int\u00e9zz\u00fck \u00d6n helyett - mi itt vagyunk \u00d6nnek.<\/p>\t\t\t\t\t\t\t\t<\/div>\n\t\t\t\t<div class=\"elementor-element elementor-element-4dfc016 elementor-widget__width-initial elementor-widget elementor-widget-heading\" data-id=\"4dfc016\" data-element_type=\"widget\" data-e-type=\"widget\" data-widget_type=\"heading.default\">\n\t\t\t\t\t<h2 class=\"elementor-heading-title elementor-size-default\">Egy \u00e9p\u00edt\u00e9si projekt min\u0151s\u00e9gi el\u0151k\u00e9sz\u00edt\u00e9ssel kezd\u0151dik, \u00e9s tiszta \u00e9s rendezett telekkel v\u00e9gz\u0151dik.<\/h2>\t\t\t\t<\/div>\n\t\t\t\t\t<\/div>\n\t\t\t\t<\/div>\n\t\t\t\t<\/div>","protected":false},"excerpt":{"rendered":"<p>\u017dIL\u00cdKSTAV, s.r.o. spo\u013eahlivos\u0165 od z\u00e1kladov Preprava odpadu Ter\u00e9nne \u00fapravy B\u00faracie pr\u00e1ce Preprava kameniva, \u0161trku a zeminy \u017deriavnick\u00e9 pr\u00e1ce Vitajte na str\u00e1nke spolo\u010dnosti \u017dIL\u00cdKSTAV, s.r.o. \u2013 V\u00e1\u0161ho spo\u013eahliv\u00e9ho partnera na ju\u017enom Slovensku v regi\u00f3noch \u0160ahy, Levice, Dudince, Krupina, Ve\u013ek\u00fd Krt\u00ed\u0161, \u0160t\u00farovo, \u017deliezovce a okolie. Pon\u00fakame V\u00e1m ucelen\u00fd servis, ktor\u00fd pokr\u00fdva cel\u00fd stavebn\u00fd proces \u2013 od b\u00farac\u00edch [&hellip;]<\/p>\n","protected":false},"author":1,"featured_media":0,"parent":0,"menu_order":1,"comment_status":"closed","ping_status":"closed","template":"elementor_header_footer","meta":{"site-sidebar-layout":"no-sidebar","site-content-layout":"page-builder","ast-site-content-layout":"full-width-container","site-content-style":"unboxed","site-sidebar-style":"unboxed","ast-global-header-display":"","ast-banner-title-visibility":"","ast-main-header-display":"","ast-hfb-above-header-display":"","ast-hfb-below-header-display":"","ast-hfb-mobile-header-display":"","site-post-title":"disabled","ast-breadcrumbs-content":"","ast-featured-img":"disabled","footer-sml-layout":"","ast-disable-related-posts":"","theme-transparent-header-meta":"enabled","adv-header-id-meta":"","stick-header-meta":"","header-above-stick-meta":"","header-main-stick-meta":"","header-below-stick-meta":"","astra-migrate-meta-layouts":"set","ast-page-background-enabled":"default","ast-page-background-meta":{"desktop":{"background-color":"var(--ast-global-color-4)","background-image":"","background-repeat":"repeat","background-position":"center center","background-size":"auto","background-attachment":"scroll","background-type":"","background-media":"","overlay-type":"","overlay-color":"","overlay-opacity":"","overlay-gradient":""},"tablet":{"background-color":"","background-image":"","background-repeat":"repeat","background-position":"center center","background-size":"auto","background-attachment":"scroll","background-type":"","background-media":"","overlay-type":"","overlay-color":"","overlay-opacity":"","overlay-gradient":""},"mobile":{"background-color":"","background-image":"","background-repeat":"repeat","background-position":"center center","background-size":"auto","background-attachment":"scroll","background-type":"","background-media":"","overlay-type":"","overlay-color":"","overlay-opacity":"","overlay-gradient":""}},"ast-content-background-meta":{"desktop":{"background-color":"var(--ast-global-color-5)","background-image":"","background-repeat":"repeat","background-position":"center center","background-size":"auto","background-attachment":"scroll","background-type":"","background-media":"","overlay-type":"","overlay-color":"","overlay-opacity":"","overlay-gradient":""},"tablet":{"background-color":"var(--ast-global-color-5)","background-image":"","background-repeat":"repeat","background-position":"center center","background-size":"auto","background-attachment":"scroll","background-type":"","background-media":"","overlay-type":"","overlay-color":"","overlay-opacity":"","overlay-gradient":""},"mobile":{"background-color":"var(--ast-global-color-5)","background-image":"","background-repeat":"repeat","background-position":"center center","background-size":"auto","background-attachment":"scroll","background-type":"","background-media":"","overlay-type":"","overlay-color":"","overlay-opacity":"","overlay-gradient":""}},"footnotes":""},"class_list":["post-586","page","type-page","status-publish","hentry"],"_links":{"self":[{"href":"https:\/\/zilikstav.sk\/hu\/wp-json\/wp\/v2\/pages\/586","targetHints":{"allow":["GET"]}}],"collection":[{"href":"https:\/\/zilikstav.sk\/hu\/wp-json\/wp\/v2\/pages"}],"about":[{"href":"https:\/\/zilikstav.sk\/hu\/wp-json\/wp\/v2\/types\/page"}],"author":[{"embeddable":true,"href":"https:\/\/zilikstav.sk\/hu\/wp-json\/wp\/v2\/users\/1"}],"replies":[{"embeddable":true,"href":"https:\/\/zilikstav.sk\/hu\/wp-json\/wp\/v2\/comments?post=586"}],"version-history":[{"count":609,"href":"https:\/\/zilikstav.sk\/hu\/wp-json\/wp\/v2\/pages\/586\/revisions"}],"predecessor-version":[{"id":3305,"href":"https:\/\/zilikstav.sk\/hu\/wp-json\/wp\/v2\/pages\/586\/revisions\/3305"}],"wp:attachment":[{"href":"https:\/\/zilikstav.sk\/hu\/wp-json\/wp\/v2\/media?parent=586"}],"curies":[{"name":"wp","href":"https:\/\/api.w.org\/{rel}","templated":true}]}}